{"id":21,"date":"2020-08-25T14:11:16","date_gmt":"2020-08-25T14:11:16","guid":{"rendered":"https:\/\/consultoriocomercial.com\/?page_id=21"},"modified":"2021-12-09T18:03:51","modified_gmt":"2021-12-09T18:03:51","slug":"quienes-somos","status":"publish","type":"page","link":"https:\/\/consultoriocomercial.com\/index.php\/quienes-somos\/","title":{"rendered":"Qui\u00e9nes somos"},"content":{"rendered":"<body><p><div class=\"fusion-fullwidth fullwidth-box fusion-builder-row-1 fusion-flex-container nonhundred-percent-fullwidth non-hundred-percent-height-scrolling\" style=\"--awb-border-radius-top-left:0px;--awb-border-radius-top-right:0px;--awb-border-radius-bottom-right:0px;--awb-border-radius-bottom-left:0px;--awb-flex-wrap:wrap;\" ><div class=\"fusion-builder-row fusion-row fusion-flex-align-items-flex-start fusion-flex-content-wrap\" style=\"max-width:1435.2px;margin-left: calc(-4% \/ 2 );margin-right: calc(-4% \/ 2 );\"><div class=\"fusion-layout-column fusion_builder_column fusion-builder-column-0 fusion_builder_column_1_2 1_2 fusion-flex-column\" style=\"--awb-padding-top:13vh;--awb-padding-right:5vw;--awb-padding-bottom:100px;--awb-padding-top-medium:8vh;--awb-padding-left-medium:4vh;--awb-padding-top-small:5vh;--awb-bg-size:cover;--awb-width-large:50%;--awb-margin-top-large:0px;--awb-spacing-right-large:3.84%;--awb-margin-bottom-large:0px;--awb-spacing-left-large:3.84%;--awb-width-medium:50%;--awb-order-medium:0;--awb-spacing-right-medium:3.84%;--awb-spacing-left-medium:3.84%;--awb-width-small:100%;--awb-order-small:1;--awb-spacing-right-small:1.92%;--awb-spacing-left-small:1.92%;\"><div class=\"fusion-column-wrapper fusion-column-has-shadow fusion-flex-justify-content-flex-start fusion-content-layout-column\"><div class=\"fusion-text fusion-text-1\" style=\"--awb-text-transform:none;\"><p style=\"text-align: justify; font-family: Montserrat; font-weight: 300; color: rgb(51, 51, 51);\" data-fusion-font=\"true\" data-fusion-google-font=\"Montserrat\" data-fusion-google-variant=\"300\">Somos un equipo con m\u00e1s de 16 a\u00f1os de experiencia profesional local e internacional en m\u00e1s de 15 mercados internacionales comprometidos con el crecimiento de nuestros clientes. <\/p>\n<p style=\"text-align: justify; color: rgb(51, 51, 51);\"><strong style=\"font-family: Montserrat; font-weight: 600;\" data-fusion-font=\"true\" data-fusion-google-font=\"Montserrat\" data-fusion-google-variant=\"600\">Nuestra Misi\u00f3n:<\/strong><span style=\"font-style: italic; font-family: Montserrat; font-weight: 300;\" data-fusion-font=\"true\" data-fusion-google-font=\"Montserrat\" data-fusion-google-variant=\"300\"> A<\/span><span style=\"font-family: Montserrat; font-weight: 300;\" data-fusion-font=\"true\" data-fusion-google-font=\"Montserrat\" data-fusion-google-variant=\"300\">yudar a empresarios, peque\u00f1as y medianas empresas a crecer y escalar sus negocios con procesos que les permita medir resultados, tener metodolog\u00eda y un departamento de ventas preparado.<\/span><\/p>\n<p style=\"text-align: justify;\"><strong style=\"color: rgb(51, 51, 51); font-family: Montserrat; font-weight: 600;\" data-fusion-font=\"true\" data-fusion-google-font=\"Montserrat\" data-fusion-google-variant=\"600\">Nuestro Objetivo: <\/strong><span style=\"color: rgb(51, 51, 51); font-family: Montserrat; font-weight: 300;\" data-fusion-font=\"true\" data-fusion-google-font=\"Montserrat\" data-fusion-google-variant=\"300\">P<\/span><span style=\"color: rgb(51, 51, 51); font-family: Montserrat; font-weight: 300;\" data-fusion-font=\"true\" data-fusion-google-font=\"Montserrat\" data-fusion-google-variant=\"300\">rofesionalizar departamentos comerciales, empoderar al equipo de ventas respaldado de un proceso y metodolog\u00eda que permite a la empresa medir su crecimiento para escalar sus resultados.<\/span><\/p>\n<p style=\"text-align: justify;\"><span style=\"color: rgb(51, 51, 51); font-family: Montserrat;\" data-fusion-font=\"true\" data-fusion-google-font=\"Montserrat\" data-fusion-google-variant=\"300\"><b><u>NUESTRA META:<\/u> CREAR EN TOTAL 50 MILLONES DE D\u00d3LARES<\/b> EN VENTAS PARA NUESTROS CLIENTES PARA EL 2026<\/span><\/p>\n<p style=\"text-align: justify;\"><font color=\"#333333\" face=\"Montserrat\"><b><u>IMPACTO SOCIAL:<\/u> <\/b>POR CADA CONTRATO FIRMADO, DONAMOS 1 HORA A UN EMPRENDEDOR CON RECURSOS LIMITADOS Y DIFICULTADES EN SU PROCESO COMERCIAL.<\/font><\/p>\n<\/div><\/div><\/div><div class=\"fusion-layout-column fusion_builder_column fusion-builder-column-1 fusion_builder_column_1_2 1_2 fusion-flex-column\" style=\"--awb-padding-top-small:6vh;--awb-bg-size:cover;--awb-width-large:50%;--awb-margin-top-large:-130px;--awb-spacing-right-large:3.84%;--awb-margin-bottom-large:0px;--awb-spacing-left-large:3.84%;--awb-width-medium:50%;--awb-order-medium:0;--awb-margin-top-medium:-40px;--awb-spacing-right-medium:3.84%;--awb-spacing-left-medium:3.84%;--awb-width-small:100%;--awb-order-small:0;--awb-margin-top-small:0;--awb-spacing-right-small:1.92%;--awb-spacing-left-small:1.92%;\"><div class=\"fusion-column-wrapper fusion-column-has-shadow fusion-flex-justify-content-flex-start fusion-content-layout-column\"><div class=\"fusion-image-element \" style=\"--awb-caption-title-font-family:var(--h2_typography-font-family);--awb-caption-title-font-weight:var(--h2_typography-font-weight);--awb-caption-title-font-style:var(--h2_typography-font-style);--awb-caption-title-size:var(--h2_typography-font-size);--awb-caption-title-transform:var(--h2_typography-text-transform);--awb-caption-title-line-height:var(--h2_typography-line-height);--awb-caption-title-letter-spacing:var(--h2_typography-letter-spacing);\"><span class=\" fusion-imageframe imageframe-none imageframe-1 hover-type-none fusion-animated\" style=\"border-radius:20px;\" data-animationType=\"fadeInDown\" data-animationDuration=\"0.5\" data-animationOffset=\"top-into-view\"><img decoding=\"async\" width=\"2560\" height=\"1440\" title=\"Aerial view of a business team\" src=\"https:\/\/i0.wp.com\/consultoriocomercial.com\/wp-content\/uploads\/2021\/11\/aerial-view-business-team-scaled.jpg?fit=2560%2C1440&ssl=1\" data-orig-src=\"https:\/\/consultoriocomercial.com\/wp-content\/uploads\/2021\/11\/aerial-view-business-team-scaled.jpg\" alt class=\"lazyload img-responsive wp-image-1523\" srcset=\"data:image\/svg+xml,%3Csvg%20xmlns%3D%27http%3A%2F%2Fwww.w3.org%2F2000%2Fsvg%27%20width%3D%272560%27%20height%3D%271440%27%20viewBox%3D%270%200%202560%201440%27%3E%3Crect%20width%3D%272560%27%20height%3D%271440%27%20fill-opacity%3D%220%22%2F%3E%3C%2Fsvg%3E\" data-srcset=\"https:\/\/i0.wp.com\/consultoriocomercial.com\/wp-content\/uploads\/2021\/11\/aerial-view-business-team-scaled.jpg?resize=200%2C113&amp;ssl=1 200w, https:\/\/i0.wp.com\/consultoriocomercial.com\/wp-content\/uploads\/2021\/11\/aerial-view-business-team-scaled.jpg?resize=300%2C169&amp;ssl=1 300w, https:\/\/i0.wp.com\/consultoriocomercial.com\/wp-content\/uploads\/2021\/11\/aerial-view-business-team-scaled.jpg?resize=400%2C225&amp;ssl=1 400w, https:\/\/i0.wp.com\/consultoriocomercial.com\/wp-content\/uploads\/2021\/11\/aerial-view-business-team-scaled.jpg?resize=600%2C338&amp;ssl=1 600w, https:\/\/i0.wp.com\/consultoriocomercial.com\/wp-content\/uploads\/2021\/11\/aerial-view-business-team-scaled.jpg?resize=768%2C432&amp;ssl=1 768w, https:\/\/i0.wp.com\/consultoriocomercial.com\/wp-content\/uploads\/2021\/11\/aerial-view-business-team-scaled.jpg?resize=800%2C450&amp;ssl=1 800w, https:\/\/i0.wp.com\/consultoriocomercial.com\/wp-content\/uploads\/2021\/11\/aerial-view-business-team-scaled.jpg?resize=1024%2C576&amp;ssl=1 1024w, https:\/\/i0.wp.com\/consultoriocomercial.com\/wp-content\/uploads\/2021\/11\/aerial-view-business-team-scaled.jpg?resize=1200%2C675&amp;ssl=1 1200w, https:\/\/i0.wp.com\/consultoriocomercial.com\/wp-content\/uploads\/2021\/11\/aerial-view-business-team-scaled.jpg?resize=1536%2C864&amp;ssl=1 1536w, https:\/\/i0.wp.com\/consultoriocomercial.com\/wp-content\/uploads\/2021\/11\/aerial-view-business-team-scaled.jpg?w=2560&amp;ssl=1 2560w\" data-sizes=\"auto\" data-orig-sizes=\"(max-width: 740px) 100vw, 800px\" \/><\/span><\/div><\/div><\/div><\/div><\/div><div class=\"fusion-fullwidth fullwidth-box fusion-builder-row-2 fusion-flex-container nonhundred-percent-fullwidth non-hundred-percent-height-scrolling\" style=\"--awb-border-radius-top-left:0px;--awb-border-radius-top-right:0px;--awb-border-radius-bottom-right:0px;--awb-border-radius-bottom-left:0px;--awb-padding-top:50px;--awb-padding-bottom:50px;--awb-background-color:#98bc62;--awb-flex-wrap:wrap;\" ><div class=\"fusion-builder-row fusion-row fusion-flex-align-items-flex-start fusion-flex-content-wrap\" style=\"max-width:1435.2px;margin-left: calc(-4% \/ 2 );margin-right: calc(-4% \/ 2 );\"><div class=\"fusion-layout-column fusion_builder_column fusion-builder-column-2 fusion_builder_column_1_1 1_1 fusion-flex-column\" style=\"--awb-bg-size:cover;--awb-width-large:100%;--awb-margin-top-large:0px;--awb-spacing-right-large:1.92%;--awb-margin-bottom-large:20px;--awb-spacing-left-large:1.92%;--awb-width-medium:100%;--awb-order-medium:0;--awb-spacing-right-medium:1.92%;--awb-spacing-left-medium:1.92%;--awb-width-small:100%;--awb-order-small:0;--awb-spacing-right-small:1.92%;--awb-spacing-left-small:1.92%;\"><div class=\"fusion-column-wrapper fusion-column-has-shadow fusion-flex-justify-content-flex-start fusion-content-layout-column\"><div class=\"fusion-text fusion-text-2\" style=\"--awb-text-transform:none;\"><h3 style=\"text-align: center; --fontsize: 37; line-height: 1.3; color: #ffffff; font-family: Montserrat; font-weight: bold;\" data-fontsize=\"37\" data-lineheight=\"48.1px\" data-fusion-font=\"true\" data-fusion-google-font=\"Montserrat\" data-fusion-google-variant=\"700\">\u00bfCONVERSAMOS?<\/h3>\n<\/div><div style=\"text-align:center;\"><a class=\"fusion-button button-flat button-xlarge button-custom fusion-button-default button-1 fusion-button-default-span fusion-button-default-type\" style=\"--button_accent_color:#ffffff;--button_accent_hover_color:#2c5f2d;--button_border_hover_color:#2c5f2d;--button_gradient_top_color:#2c5f2d;--button_gradient_bottom_color:#2c5f2d;--button_gradient_top_color_hover:#ffffff;--button_gradient_bottom_color_hover:#ffffff;--button_typography-font-family:&quot;Montserrat&quot;;--button_typography-font-style:normal;--button_typography-font-weight:700;\" target=\"_self\" href=\"#\"><span class=\"fusion-button-text awb-button__text awb-button__text--default\">CONT\u00c1CTANOS<\/span><\/a><\/div><\/div><\/div><\/div><\/div><div class=\"fusion-fullwidth fullwidth-box fusion-builder-row-3 fusion-flex-container nonhundred-percent-fullwidth non-hundred-percent-height-scrolling\" style=\"--awb-border-radius-top-left:0px;--awb-border-radius-top-right:0px;--awb-border-radius-bottom-right:0px;--awb-border-radius-bottom-left:0px;--awb-padding-top:0px;--awb-padding-bottom:0px;--awb-margin-top:0px;--awb-margin-bottom:0px;--awb-background-color:#8e8e8e;--awb-flex-wrap:wrap;\" ><div class=\"fusion-builder-row fusion-row fusion-flex-align-items-stretch fusion-flex-content-wrap\" style=\"max-width:1435.2px;margin-left: calc(-4% \/ 2 );margin-right: calc(-4% \/ 2 );\"><div class=\"fusion-layout-column fusion_builder_column fusion-builder-column-3 fusion_builder_column_1_1 1_1 fusion-flex-column\" style=\"--awb-padding-top:60px;--awb-padding-right:60px;--awb-padding-bottom:45px;--awb-padding-left:60px;--awb-overflow:hidden;--awb-bg-size:cover;--awb-border-radius:6px 6px 6px 6px;--awb-width-large:100%;--awb-margin-top-large:0px;--awb-spacing-right-large:1.92%;--awb-margin-bottom-large:20px;--awb-spacing-left-large:1.92%;--awb-width-medium:100%;--awb-order-medium:0;--awb-spacing-right-medium:1.92%;--awb-spacing-left-medium:1.92%;--awb-width-small:100%;--awb-order-small:0;--awb-spacing-right-small:1.92%;--awb-spacing-left-small:1.92%;\"><div class=\"fusion-column-wrapper fusion-column-has-shadow fusion-flex-justify-content-flex-start fusion-content-layout-column\"><div class=\"fusion-social-links fusion-social-links-1\" style=\"--awb-margin-top:0px;--awb-margin-right:0px;--awb-margin-bottom:0px;--awb-margin-left:0px;--awb-alignment:center;--awb-box-border-top:0px;--awb-box-border-right:0px;--awb-box-border-bottom:0px;--awb-box-border-left:0px;--awb-icon-colors-hover:rgba(158,160,164,0.8);--awb-box-colors-hover:rgba(242,243,245,0.8);--awb-box-border-color:var(--awb-color3);--awb-box-border-color-hover:var(--awb-color4);\"><div class=\"fusion-social-networks color-type-custom\"><div class=\"fusion-social-networks-wrapper\"><a class=\"fusion-social-network-icon fusion-tooltip fusion-facebook awb-icon-facebook\" style=\"color:#3E343F;font-size:24px;\" data-placement=\"top\" data-title=\"Facebook\" data-toggle=\"tooltip\" title=\"Facebook\" aria-label=\"facebook\" target=\"_blank\" rel=\"noopener noreferrer\" href=\"https:\/\/www.facebook.com\/ConsultorioComercial\"><\/a><a class=\"fusion-social-network-icon fusion-tooltip fusion-instagram awb-icon-instagram\" style=\"color:#3E343F;font-size:24px;\" data-placement=\"top\" data-title=\"Instagram\" data-toggle=\"tooltip\" title=\"Instagram\" aria-label=\"instagram\" target=\"_blank\" rel=\"noopener noreferrer\" href=\"https:\/\/www.instagram.com\/consultoriocomercial\/\"><\/a><a class=\"fusion-social-network-icon fusion-tooltip fusion-linkedin awb-icon-linkedin\" style=\"color:#3E343F;font-size:24px;\" data-placement=\"top\" data-title=\"LinkedIn\" data-toggle=\"tooltip\" title=\"LinkedIn\" aria-label=\"linkedin\" target=\"_blank\" rel=\"noopener noreferrer\" href=\"https:\/\/www.linkedin.com\/company\/consultoriocomercial\"><\/a><a class=\"fusion-social-network-icon fusion-tooltip fusion-whatsapp awb-icon-whatsapp\" style=\"color:#3E343F;font-size:24px;\" data-placement=\"top\" data-title=\"WhatsApp\" data-toggle=\"tooltip\" title=\"WhatsApp\" aria-label=\"whatsapp\" target=\"_blank\" rel=\"noopener noreferrer\" href=\"wa.me\/50760704084\"><\/a><a class=\"fusion-social-network-icon fusion-tooltip fusion-mail awb-icon-mail\" style=\"color:#3E343F;font-size:24px;\" data-placement=\"top\" data-title=\"Email\" data-toggle=\"tooltip\" title=\"Email\" aria-label=\"mail\" target=\"_blank\" rel=\"noopener noreferrer\" href=\"mailto:ho&#108;a&#064;&#099;on&#115;ulto&#114;i&#111;c&#111;&#109;&#101;r&#099;ial.com\"><\/a><\/div><\/div><\/div><\/div><\/div><\/div><\/div><\/p>\n<\/body>","protected":false},"excerpt":{"rendered":"","protected":false},"author":1,"featured_media":0,"parent":0,"menu_order":0,"comment_status":"closed","ping_status":"closed","template":"100-width.php","meta":{"om_disable_all_campaigns":false,"_monsterinsights_skip_tracking":false,"_monsterinsights_sitenote_active":false,"_monsterinsights_sitenote_note":"","_monsterinsights_sitenote_category":0,"footnotes":""},"class_list":["post-21","page","type-page","status-publish","hentry"],"jetpack_sharing_enabled":true,"_links":{"self":[{"href":"https:\/\/consultoriocomercial.com\/index.php\/wp-json\/wp\/v2\/pages\/21","targetHints":{"allow":["GET"]}}],"collection":[{"href":"https:\/\/consultoriocomercial.com\/index.php\/wp-json\/wp\/v2\/pages"}],"about":[{"href":"https:\/\/consultoriocomercial.com\/index.php\/wp-json\/wp\/v2\/types\/page"}],"author":[{"embeddable":true,"href":"https:\/\/consultoriocomercial.com\/index.php\/wp-json\/wp\/v2\/users\/1"}],"replies":[{"embeddable":true,"href":"https:\/\/consultoriocomercial.com\/index.php\/wp-json\/wp\/v2\/comments?post=21"}],"version-history":[{"count":36,"href":"https:\/\/consultoriocomercial.com\/index.php\/wp-json\/wp\/v2\/pages\/21\/revisions"}],"predecessor-version":[{"id":1934,"href":"https:\/\/consultoriocomercial.com\/index.php\/wp-json\/wp\/v2\/pages\/21\/revisions\/1934"}],"wp:attachment":[{"href":"https:\/\/consultoriocomercial.com\/index.php\/wp-json\/wp\/v2\/media?parent=21"}],"curies":[{"name":"wp","href":"https:\/\/api.w.org\/{rel}","templated":true}]}}